{"id":1552,"date":"2025-10-29T15:25:17","date_gmt":"2025-10-29T15:25:17","guid":{"rendered":"https:\/\/solpanelexperten.es\/?page_id=1552"},"modified":"2025-10-30T15:07:27","modified_gmt":"2025-10-30T15:07:27","slug":"nyheter","status":"publish","type":"page","link":"https:\/\/solpanelexperten.es\/en\/nyheter\/","title":{"rendered":"News"},"content":{"rendered":"<div data-elementor-type=\"wp-page\" data-elementor-id=\"1552\" class=\"elementor elementor-1552\" data-elementor-post-type=\"page\">\n\t\t\t\t<div class=\"elementor-element elementor-element-373c808 e-flex e-con-boxed e-con e-parent\" data-id=\"373c808\" data-element_type=\"container\" data-settings=\"{&quot;background_background&quot;:&quot;classic&quot;}\">\n\t\t\t\t\t<div class=\"e-con-inner\">\n\t\t\t\t<div class=\"elementor-element elementor-element-7356de8 elementor-widget__width-initial elementor-widget elementor-widget-heading\" data-id=\"7356de8\" data-element_type=\"widget\" data-settings=\"{&quot;_animation&quot;:&quot;none&quot;,&quot;_animation_delay&quot;:300}\" data-widget_type=\"heading.default\">\n\t\t\t\t<div class=\"elementor-widget-container\">\n\t\t\t\t\t<h2 class=\"elementor-heading-title elementor-size-default\">News<\/h2>\t\t\t\t<\/div>\n\t\t\t\t<\/div>\n\t\t\t\t\t<\/div>\n\t\t\t\t<\/div>\n\t\t<div class=\"elementor-element elementor-element-551e816 e-con-full e-flex e-con e-parent\" data-id=\"551e816\" data-element_type=\"container\">\n\t\t\t\t<div class=\"elementor-element elementor-element-1c60d17 elementor-widget__width-initial elementor-invisible elementor-widget elementor-widget-text-editor\" data-id=\"1c60d17\" data-element_type=\"widget\" data-settings=\"{&quot;_animation&quot;:&quot;fadeInUp&quot;}\" data-widget_type=\"text-editor.default\">\n\t\t\t\t<div class=\"elementor-widget-container\">\n\t\t\t\t\t\t\t\t\t<p>Here we share news, guides, and insights about solar energy, sustainability, and the latest technology in solar panels. Our goal is to help you make informed decisions \u2014 whether you\u2019re considering installing solar panels at home, running a business, or simply want to stay up to date on developments in renewable energy.<\/p>\t\t\t\t\t\t\t\t<\/div>\n\t\t\t\t<\/div>\n\t\t\t\t<div class=\"elementor-element elementor-element-bd0eb9d elementor-grid-3 elementor-grid-tablet-2 elementor-grid-mobile-1 elementor-posts--thumbnail-top elementor-card-shadow-yes elementor-posts__hover-gradient elementor-invisible elementor-widget elementor-widget-posts\" data-id=\"bd0eb9d\" data-element_type=\"widget\" data-settings=\"{&quot;_animation&quot;:&quot;fadeInUp&quot;,&quot;cards_columns&quot;:&quot;3&quot;,&quot;cards_columns_tablet&quot;:&quot;2&quot;,&quot;cards_columns_mobile&quot;:&quot;1&quot;,&quot;cards_row_gap&quot;:{&quot;unit&quot;:&quot;px&quot;,&quot;size&quot;:35,&quot;sizes&quot;:[]},&quot;cards_row_gap_tablet&quot;:{&quot;unit&quot;:&quot;px&quot;,&quot;size&quot;:&quot;&quot;,&quot;sizes&quot;:[]},&quot;cards_row_gap_mobile&quot;:{&quot;unit&quot;:&quot;px&quot;,&quot;size&quot;:&quot;&quot;,&quot;sizes&quot;:[]}}\" data-widget_type=\"posts.cards\">\n\t\t\t\t<div class=\"elementor-widget-container\">\n\t\t\t\t\t\t\t<div class=\"elementor-posts-container elementor-posts elementor-posts--skin-cards elementor-grid\" role=\"list\">\n\t\t\t\t<article class=\"elementor-post elementor-grid-item post-1579 post type-post status-publish format-standard has-post-thumbnail hentry category-uncategorized\" role=\"listitem\">\n\t\t\t<div class=\"elementor-post__card\">\n\t\t\t\t<a class=\"elementor-post__thumbnail__link\" href=\"https:\/\/solpanelexperten.es\/en\/tidigare-svea-solar-kund-pa-costa-del-sol-i-spanien-vi-kan-serva-och-underhalla-dina-solpaneler\/\" tabindex=\"-1\" ><div class=\"elementor-post__thumbnail\"><img fetchpriority=\"high\" decoding=\"async\" width=\"800\" height=\"600\" src=\"https:\/\/solpanelexperten.es\/wp-content\/uploads\/2025\/08\/IMG_3018-1024x768.jpeg\" class=\"attachment-large size-large wp-image-1126\" alt=\"\" srcset=\"https:\/\/solpanelexperten.es\/wp-content\/uploads\/2025\/08\/IMG_3018-1024x768.jpeg 1024w, https:\/\/solpanelexperten.es\/wp-content\/uploads\/2025\/08\/IMG_3018-300x225.jpeg 300w, https:\/\/solpanelexperten.es\/wp-content\/uploads\/2025\/08\/IMG_3018-768x576.jpeg 768w, https:\/\/solpanelexperten.es\/wp-content\/uploads\/2025\/08\/IMG_3018-1536x1152.jpeg 1536w, https:\/\/solpanelexperten.es\/wp-content\/uploads\/2025\/08\/IMG_3018-2048x1536.jpeg 2048w, https:\/\/solpanelexperten.es\/wp-content\/uploads\/2025\/08\/IMG_3018-16x12.jpeg 16w\" sizes=\"(max-width: 800px) 100vw, 800px\" \/><\/div><\/a>\n\t\t\t\t<div class=\"elementor-post__text\">\n\t\t\t\t<h3 class=\"elementor-post__title\">\n\t\t\t<a href=\"https:\/\/solpanelexperten.es\/en\/tidigare-svea-solar-kund-pa-costa-del-sol-i-spanien-vi-kan-serva-och-underhalla-dina-solpaneler\/\" >\n\t\t\t\tFormer Svea Solar customer on the Costa del Sol in Spain? We can service and maintain your solar panels!\t\t\t<\/a>\n\t\t<\/h3>\n\t\t\t\t<div class=\"elementor-post__excerpt\">\n\t\t\t<p>In recent years, many have chosen to install solar panels on their homes on the Costa del Sol in Spain, not least through Svea Solar.<\/p>\n\t\t<\/div>\n\t\t\n\t\t<a class=\"elementor-post__read-more\" href=\"https:\/\/solpanelexperten.es\/en\/tidigare-svea-solar-kund-pa-costa-del-sol-i-spanien-vi-kan-serva-och-underhalla-dina-solpaneler\/\" aria-label=\"Read more about Tidigare Svea Solar-kund p\u00e5 Costa del Sol i Spanien? Vi kan serva och underh\u00e5lla dina solpaneler!\" tabindex=\"-1\" >\n\t\t\tRead more \u00bb\t\t<\/a>\n\n\t\t\t\t<\/div>\n\t\t\t\t<div class=\"elementor-post__meta-data\">\n\t\t\t\t\t<span class=\"elementor-post-date\">\n\t\t\tOctober 30, 2025\t\t<\/span>\n\t\t\t\t<\/div>\n\t\t\t\t\t<\/div>\n\t\t<\/article>\n\t\t\t\t<\/div>\n\t\t\n\t\t\t\t\t\t<\/div>\n\t\t\t\t<\/div>\n\t\t\t\t<\/div>\n\t\t<div class=\"elementor-element elementor-element-102d492 e-con-full e-flex e-con e-parent\" data-id=\"102d492\" data-element_type=\"container\" data-settings=\"{&quot;background_background&quot;:&quot;classic&quot;}\">\n\t\t\t\t<div class=\"elementor-element elementor-element-f4828c7 elementor-widget__width-initial elementor-widget elementor-widget-heading\" data-id=\"f4828c7\" data-element_type=\"widget\" data-settings=\"{&quot;_animation&quot;:&quot;none&quot;}\" data-widget_type=\"heading.default\">\n\t\t\t\t<div class=\"elementor-widget-container\">\n\t\t\t\t\t<h2 class=\"elementor-heading-title elementor-size-default\">Are you interested and want to know more? Contact Solpanel Experten today!\n<\/h2>\t\t\t\t<\/div>\n\t\t\t\t<\/div>\n\t\t\t\t<div class=\"elementor-element elementor-element-765a992 elementor-widget__width-initial elementor-widget elementor-widget-text-editor\" data-id=\"765a992\" data-element_type=\"widget\" data-settings=\"{&quot;_animation&quot;:&quot;none&quot;}\" data-widget_type=\"text-editor.default\">\n\t\t\t\t<div class=\"elementor-widget-container\">\n\t\t\t\t\t\t\t\t\t<p>Curious about how solar panels on the Costa del Sol can help you lower your electricity costs? <a href=\"https:\/\/solpanelexperten.es\/en\/kontakt\/\">Fill out our <\/a>form to book a meeting or get a quote \u2013 we look forward to helping you!<\/p>\t\t\t\t\t\t\t\t<\/div>\n\t\t\t\t<\/div>\n\t\t\t\t<div class=\"elementor-element elementor-element-eedcb4d elementor-invisible elementor-widget elementor-widget-button\" data-id=\"eedcb4d\" data-element_type=\"widget\" data-settings=\"{&quot;_animation&quot;:&quot;fadeIn&quot;,&quot;_animation_delay&quot;:100}\" data-widget_type=\"button.default\">\n\t\t\t\t<div class=\"elementor-widget-container\">\n\t\t\t\t\t\t\t\t\t<div class=\"elementor-button-wrapper\">\n\t\t\t\t\t<a class=\"elementor-button elementor-button-link elementor-size-sm\" href=\"https:\/\/solpanelexperten.es\/en\/kontakt\/\">\n\t\t\t\t\t\t<span class=\"elementor-button-content-wrapper\">\n\t\t\t\t\t\t\t\t\t<span class=\"elementor-button-text\">Contact us today<\/span>\n\t\t\t\t\t<\/span>\n\t\t\t\t\t<\/a>\n\t\t\t\t<\/div>\n\t\t\t\t\t\t\t\t<\/div>\n\t\t\t\t<\/div>\n\t\t\t\t<\/div>\n\t\t\t\t<\/div>","protected":false},"excerpt":{"rendered":"<p>Nyheter H\u00e4r delar vi nyheter, guider och insikter om solenergi, h\u00e5llbarhet och den senaste tekniken inom solpaneler. V\u00e5rt m\u00e5l \u00e4r att hj\u00e4lpa dig fatta smarta beslut \u2013 oavsett om du funderar p\u00e5 att installera solceller hemma, driver ett f\u00f6retag eller bara vill h\u00e5lla dig uppdaterad om utvecklingen inom f\u00f6rnybar energi. \u00c4r du intresserad och vill [&hellip;]<\/p>","protected":false},"author":4,"featured_media":0,"parent":0,"menu_order":0,"comment_status":"closed","ping_status":"closed","template":"elementor_header_footer","meta":{"footnotes":""},"class_list":["post-1552","page","type-page","status-publish","hentry"],"yoast_head":"<!-- This site is optimized with the Yoast SEO plugin v25.6 - https:\/\/yoast.com\/wordpress\/plugins\/seo\/ -->\n<title>Nyheter - Solpanel Experten<\/title>\n<meta name=\"robots\" content=\"index, follow, max-snippet:-1, max-image-preview:large, max-video-preview:-1\" \/>\n<link rel=\"canonical\" href=\"https:\/\/solpanelexperten.es\/en\/nyheter\/\" \/>\n<meta property=\"og:locale\" content=\"en_US\" \/>\n<meta property=\"og:type\" content=\"article\" \/>\n<meta property=\"og:title\" content=\"Nyheter - Solpanel Experten\" \/>\n<meta property=\"og:description\" content=\"Nyheter H\u00e4r delar vi nyheter, guider och insikter om solenergi, h\u00e5llbarhet och den senaste tekniken inom solpaneler. V\u00e5rt m\u00e5l \u00e4r att hj\u00e4lpa dig fatta smarta beslut \u2013 oavsett om du funderar p\u00e5 att installera solceller hemma, driver ett f\u00f6retag eller bara vill h\u00e5lla dig uppdaterad om utvecklingen inom f\u00f6rnybar energi. \u00c4r du intresserad och vill [&hellip;]\" \/>\n<meta property=\"og:url\" content=\"https:\/\/solpanelexperten.es\/en\/nyheter\/\" \/>\n<meta property=\"og:site_name\" content=\"Solpanel Experten\" \/>\n<meta property=\"article:modified_time\" content=\"2025-10-30T15:07:27+00:00\" \/>\n<meta name=\"twitter:card\" content=\"summary_large_image\" \/>\n<meta name=\"twitter:label1\" content=\"Est. reading time\" \/>\n\t<meta name=\"twitter:data1\" content=\"2 minutes\" \/>\n<script type=\"application\/ld+json\" class=\"yoast-schema-graph\">{\"@context\":\"https:\/\/schema.org\",\"@graph\":[{\"@type\":\"WebPage\",\"@id\":\"https:\/\/solpanelexperten.es\/nyheter\/\",\"url\":\"https:\/\/solpanelexperten.es\/nyheter\/\",\"name\":\"Nyheter - Solpanel Experten\",\"isPartOf\":{\"@id\":\"https:\/\/solpanelexperten.es\/#website\"},\"datePublished\":\"2025-10-29T15:25:17+00:00\",\"dateModified\":\"2025-10-30T15:07:27+00:00\",\"breadcrumb\":{\"@id\":\"https:\/\/solpanelexperten.es\/nyheter\/#breadcrumb\"},\"inLanguage\":\"en-US\",\"potentialAction\":[{\"@type\":\"ReadAction\",\"target\":[\"https:\/\/solpanelexperten.es\/nyheter\/\"]}]},{\"@type\":\"BreadcrumbList\",\"@id\":\"https:\/\/solpanelexperten.es\/nyheter\/#breadcrumb\",\"itemListElement\":[{\"@type\":\"ListItem\",\"position\":1,\"name\":\"Home\",\"item\":\"https:\/\/solpanelexperten.es\/\"},{\"@type\":\"ListItem\",\"position\":2,\"name\":\"Nyheter\"}]},{\"@type\":\"WebSite\",\"@id\":\"https:\/\/solpanelexperten.es\/#website\",\"url\":\"https:\/\/solpanelexperten.es\/\",\"name\":\"Solpanel Experten\",\"description\":\"\",\"potentialAction\":[{\"@type\":\"SearchAction\",\"target\":{\"@type\":\"EntryPoint\",\"urlTemplate\":\"https:\/\/solpanelexperten.es\/?s={search_term_string}\"},\"query-input\":{\"@type\":\"PropertyValueSpecification\",\"valueRequired\":true,\"valueName\":\"search_term_string\"}}],\"inLanguage\":\"en-US\"}]}<\/script>\n<!-- \/ Yoast SEO plugin. -->","yoast_head_json":{"title":"Nyheter - Solpanel Experten","robots":{"index":"index","follow":"follow","max-snippet":"max-snippet:-1","max-image-preview":"max-image-preview:large","max-video-preview":"max-video-preview:-1"},"canonical":"https:\/\/solpanelexperten.es\/en\/nyheter\/","og_locale":"en_US","og_type":"article","og_title":"Nyheter - Solpanel Experten","og_description":"Nyheter H\u00e4r delar vi nyheter, guider och insikter om solenergi, h\u00e5llbarhet och den senaste tekniken inom solpaneler. V\u00e5rt m\u00e5l \u00e4r att hj\u00e4lpa dig fatta smarta beslut \u2013 oavsett om du funderar p\u00e5 att installera solceller hemma, driver ett f\u00f6retag eller bara vill h\u00e5lla dig uppdaterad om utvecklingen inom f\u00f6rnybar energi. \u00c4r du intresserad och vill [&hellip;]","og_url":"https:\/\/solpanelexperten.es\/en\/nyheter\/","og_site_name":"Solpanel Experten","article_modified_time":"2025-10-30T15:07:27+00:00","twitter_card":"summary_large_image","twitter_misc":{"Est. reading time":"2 minutes"},"schema":{"@context":"https:\/\/schema.org","@graph":[{"@type":"WebPage","@id":"https:\/\/solpanelexperten.es\/nyheter\/","url":"https:\/\/solpanelexperten.es\/nyheter\/","name":"Nyheter - Solpanel Experten","isPartOf":{"@id":"https:\/\/solpanelexperten.es\/#website"},"datePublished":"2025-10-29T15:25:17+00:00","dateModified":"2025-10-30T15:07:27+00:00","breadcrumb":{"@id":"https:\/\/solpanelexperten.es\/nyheter\/#breadcrumb"},"inLanguage":"en-US","potentialAction":[{"@type":"ReadAction","target":["https:\/\/solpanelexperten.es\/nyheter\/"]}]},{"@type":"BreadcrumbList","@id":"https:\/\/solpanelexperten.es\/nyheter\/#breadcrumb","itemListElement":[{"@type":"ListItem","position":1,"name":"Home","item":"https:\/\/solpanelexperten.es\/"},{"@type":"ListItem","position":2,"name":"Nyheter"}]},{"@type":"WebSite","@id":"https:\/\/solpanelexperten.es\/#website","url":"https:\/\/solpanelexperten.es\/","name":"Solpanel Experten","description":"","potentialAction":[{"@type":"SearchAction","target":{"@type":"EntryPoint","urlTemplate":"https:\/\/solpanelexperten.es\/?s={search_term_string}"},"query-input":{"@type":"PropertyValueSpecification","valueRequired":true,"valueName":"search_term_string"}}],"inLanguage":"en-US"}]}},"_links":{"self":[{"href":"https:\/\/solpanelexperten.es\/en\/wp-json\/wp\/v2\/pages\/1552","targetHints":{"allow":["GET"]}}],"collection":[{"href":"https:\/\/solpanelexperten.es\/en\/wp-json\/wp\/v2\/pages"}],"about":[{"href":"https:\/\/solpanelexperten.es\/en\/wp-json\/wp\/v2\/types\/page"}],"author":[{"embeddable":true,"href":"https:\/\/solpanelexperten.es\/en\/wp-json\/wp\/v2\/users\/4"}],"replies":[{"embeddable":true,"href":"https:\/\/solpanelexperten.es\/en\/wp-json\/wp\/v2\/comments?post=1552"}],"version-history":[{"count":0,"href":"https:\/\/solpanelexperten.es\/en\/wp-json\/wp\/v2\/pages\/1552\/revisions"}],"wp:attachment":[{"href":"https:\/\/solpanelexperten.es\/en\/wp-json\/wp\/v2\/media?parent=1552"}],"curies":[{"name":"wp","href":"https:\/\/api.w.org\/{rel}","templated":true}]}}