{"id":1648,"date":"2026-02-25T13:49:36","date_gmt":"2026-02-25T13:49:36","guid":{"rendered":"https:\/\/solpanelexperten.es\/?page_id=1648"},"modified":"2026-02-25T13:52:34","modified_gmt":"2026-02-25T13:52:34","slug":"manilva","status":"publish","type":"page","link":"https:\/\/solpanelexperten.es\/en\/manilva\/","title":{"rendered":"Manilva"},"content":{"rendered":"<div data-elementor-type=\"wp-page\" data-elementor-id=\"1648\" class=\"elementor elementor-1648\" data-elementor-post-type=\"page\">\n\t\t\t\t<div class=\"elementor-element elementor-element-25ab7b1 e-flex e-con-boxed e-con e-parent\" data-id=\"25ab7b1\" data-element_type=\"container\" data-settings=\"{&quot;background_background&quot;:&quot;classic&quot;}\">\n\t\t\t\t\t<div class=\"e-con-inner\">\n\t\t\t\t<div class=\"elementor-element elementor-element-6f245f8 elementor-widget__width-initial elementor-invisible elementor-widget elementor-widget-heading\" data-id=\"6f245f8\" data-element_type=\"widget\" data-settings=\"{&quot;_animation&quot;:&quot;fadeIn&quot;,&quot;_animation_delay&quot;:300}\" data-widget_type=\"heading.default\">\n\t\t\t\t<div class=\"elementor-widget-container\">\n\t\t\t\t\t<h2 class=\"elementor-heading-title elementor-size-default\">Manilva<\/h2>\t\t\t\t<\/div>\n\t\t\t\t<\/div>\n\t\t\t\t\t<\/div>\n\t\t\t\t<\/div>\n\t\t<div class=\"elementor-element elementor-element-8756b26 e-con-full e-flex e-con e-parent\" data-id=\"8756b26\" data-element_type=\"container\" data-settings=\"{&quot;background_background&quot;:&quot;classic&quot;}\">\n\t\t\t\t<div class=\"elementor-element elementor-element-5305e14 elementor-widget__width-initial elementor-invisible elementor-widget elementor-widget-heading\" data-id=\"5305e14\" data-element_type=\"widget\" data-settings=\"{&quot;_animation&quot;:&quot;fadeInUp&quot;}\" data-widget_type=\"heading.default\">\n\t\t\t\t<div class=\"elementor-widget-container\">\n\t\t\t\t\t<h2 class=\"elementor-heading-title elementor-size-default\">Install solar panels in Manilva - let the sun pay your electricity bill.\n<\/h2>\t\t\t\t<\/div>\n\t\t\t\t<\/div>\n\t\t\t\t<div class=\"elementor-element elementor-element-58d52d1 elementor-widget__width-initial elementor-invisible elementor-widget elementor-widget-text-editor\" data-id=\"58d52d1\" data-element_type=\"widget\" data-settings=\"{&quot;_animation&quot;:&quot;fadeInUp&quot;}\" data-widget_type=\"text-editor.default\">\n\t\t\t\t<div class=\"elementor-widget-container\">\n\t\t\t\t\t\t\t\t\t<p>With up to 320 sunny days a year, Manilva on the Costa del Sol is a perfect place to invest in solar panels. At Solpanel Experten, we help homeowners and business owners lower their electricity bills by installing efficient and sustainable solar panel systems on villas, apartments, and office buildings.<\/p><p>The time has come to stop paying unnecessarily high electricity bills \u2013 let the sun do the work instead.<\/p><p>Book a free meeting with us today and see how much you can save!<\/p>\t\t\t\t\t\t\t\t<\/div>\n\t\t\t\t<\/div>\n\t\t\t\t<\/div>\n\t\t<div class=\"elementor-element elementor-element-c897b17 e-con-full e-flex e-con e-parent\" data-id=\"c897b17\" data-element_type=\"container\">\n\t\t<div class=\"elementor-element elementor-element-96bc249 e-con-full e-flex e-con e-child\" data-id=\"96bc249\" data-element_type=\"container\">\n\t\t\t\t<div class=\"elementor-element elementor-element-5b32020 elementor-widget__width-initial elementor-widget elementor-widget-heading\" data-id=\"5b32020\" data-element_type=\"widget\" data-settings=\"{&quot;_animation&quot;:&quot;none&quot;,&quot;_animation_tablet&quot;:&quot;fadeInUp&quot;}\" data-widget_type=\"heading.default\">\n\t\t\t\t<div class=\"elementor-widget-container\">\n\t\t\t\t\t<h2 class=\"elementor-heading-title elementor-size-default\">Solpanel Experten \u2013 your installer in Manilva\n<\/h2>\t\t\t\t<\/div>\n\t\t\t\t<\/div>\n\t\t\t\t<div class=\"elementor-element elementor-element-b01ac4f elementor-widget__width-initial elementor-widget elementor-widget-text-editor\" data-id=\"b01ac4f\" data-element_type=\"widget\" data-settings=\"{&quot;_animation&quot;:&quot;none&quot;,&quot;_animation_tablet&quot;:&quot;fadeInUp&quot;}\" data-widget_type=\"text-editor.default\">\n\t\t\t\t<div class=\"elementor-widget-container\">\n\t\t\t\t\t\t\t\t\t<p>We are based in the heart of Nerja, and the work all along the costa del sol with the planning, installation and maintenance of solar panels. We have extensive experience of the Spanish minimum requirements and know precisely how to get the most power out of every square meter of ceiling. As a customer, you get a complete solution, from the initial home visit to the point that your site is finished, and is legally registered for the sale of excess electricity.<\/p>\t\t\t\t\t\t\t\t<\/div>\n\t\t\t\t<\/div>\n\t\t\t\t<div class=\"elementor-element elementor-element-1e5445e elementor-align-left elementor-invisible elementor-widget elementor-widget-button\" data-id=\"1e5445e\" data-element_type=\"widget\" data-settings=\"{&quot;_animation&quot;:&quot;zoomIn&quot;,&quot;_animation_delay&quot;:100}\" data-widget_type=\"button.default\">\n\t\t\t\t<div class=\"elementor-widget-container\">\n\t\t\t\t\t\t\t\t\t<div class=\"elementor-button-wrapper\">\n\t\t\t\t\t<a class=\"elementor-button elementor-button-link elementor-size-sm\" href=\"https:\/\/solpanelexperten.es\/en\/kontakt\/\">\n\t\t\t\t\t\t<span class=\"elementor-button-content-wrapper\">\n\t\t\t\t\t\t\t\t\t<span class=\"elementor-button-text\">Contact us today<\/span>\n\t\t\t\t\t<\/span>\n\t\t\t\t\t<\/a>\n\t\t\t\t<\/div>\n\t\t\t\t\t\t\t\t<\/div>\n\t\t\t\t<\/div>\n\t\t\t\t<\/div>\n\t\t<div class=\"elementor-element elementor-element-c6cce0d e-con-full e-flex e-con e-child\" data-id=\"c6cce0d\" data-element_type=\"container\">\n\t\t\t\t<div class=\"elementor-element elementor-element-2c86dc6 animated-fast elementor-widget elementor-widget-image\" data-id=\"2c86dc6\" data-element_type=\"widget\" data-settings=\"{&quot;_animation&quot;:&quot;none&quot;}\" data-widget_type=\"image.default\">\n\t\t\t\t<div class=\"elementor-widget-container\">\n\t\t\t\t\t\t\t\t\t\t\t\t\t\t\t<img fetchpriority=\"high\" decoding=\"async\" width=\"1200\" height=\"650\" src=\"https:\/\/solpanelexperten.es\/wp-content\/uploads\/2025\/06\/Solar-panel-installation-Marbella.webp\" class=\"attachment-full size-full wp-image-207\" alt=\"\" srcset=\"https:\/\/solpanelexperten.es\/wp-content\/uploads\/2025\/06\/Solar-panel-installation-Marbella.webp 1200w, https:\/\/solpanelexperten.es\/wp-content\/uploads\/2025\/06\/Solar-panel-installation-Marbella-300x163.webp 300w, https:\/\/solpanelexperten.es\/wp-content\/uploads\/2025\/06\/Solar-panel-installation-Marbella-1024x555.webp 1024w, https:\/\/solpanelexperten.es\/wp-content\/uploads\/2025\/06\/Solar-panel-installation-Marbella-768x416.webp 768w\" sizes=\"(max-width: 1200px) 100vw, 1200px\" \/>\t\t\t\t\t\t\t\t\t\t\t\t\t\t\t<\/div>\n\t\t\t\t<\/div>\n\t\t\t\t<\/div>\n\t\t\t\t<\/div>\n\t\t<div class=\"elementor-element elementor-element-c42b422 e-con-full e-flex e-con e-parent\" data-id=\"c42b422\" data-element_type=\"container\">\n\t\t<div class=\"elementor-element elementor-element-0b51d3b e-con-full e-flex e-con e-child\" data-id=\"0b51d3b\" data-element_type=\"container\">\n\t\t\t\t<div class=\"elementor-element elementor-element-6df4454 elementor-widget elementor-widget-heading\" data-id=\"6df4454\" data-element_type=\"widget\" data-settings=\"{&quot;_animation&quot;:&quot;none&quot;,&quot;_animation_tablet&quot;:&quot;fadeInUp&quot;}\" data-widget_type=\"heading.default\">\n\t\t\t\t<div class=\"elementor-widget-container\">\n\t\t\t\t\t<h2 class=\"elementor-heading-title elementor-size-default\">This is why you should install solar panels in Manilva\n<\/h2>\t\t\t\t<\/div>\n\t\t\t\t<\/div>\n\t\t\t\t<div class=\"elementor-element elementor-element-06604ec elementor-widget__width-initial elementor-widget elementor-widget-text-editor\" data-id=\"06604ec\" data-element_type=\"widget\" data-settings=\"{&quot;_animation&quot;:&quot;none&quot;,&quot;_animation_tablet&quot;:&quot;fadeInUp&quot;}\" data-widget_type=\"text-editor.default\">\n\t\t\t\t<div class=\"elementor-widget-container\">\n\t\t\t\t\t\t\t\t\t<p>The Costa del Sol offers a unique opportunity to maximize your investment in solar energy. With solar panels, you not only get cheaper electricity, but you also increase the value of your home in Manilva. It also becomes easier to attract tenants, especially if you offer electric car charging or a heated pool powered by solar energy.<\/p><p>Some of the benefits of installing solar panels:<br \/>\u25cf Higher property value<br \/>\u25cf Increased profitability when renting out<br \/>\u25cf Environmentally friendly and sustainable energy solution<br \/>\u25cf Electric car charging directly from the sun<br \/>\u25cf Ability to heat the pool at no extra cost<br \/>\u25cf Sell surplus electricity to the power company<\/p>\t\t\t\t\t\t\t\t<\/div>\n\t\t\t\t<\/div>\n\t\t\t\t<div class=\"elementor-element elementor-element-4db57c4 elementor-align-left elementor-invisible elementor-widget elementor-widget-button\" data-id=\"4db57c4\" data-element_type=\"widget\" data-settings=\"{&quot;_animation&quot;:&quot;zoomIn&quot;,&quot;_animation_delay&quot;:100}\" data-widget_type=\"button.default\">\n\t\t\t\t<div class=\"elementor-widget-container\">\n\t\t\t\t\t\t\t\t\t<div class=\"elementor-button-wrapper\">\n\t\t\t\t\t<a class=\"elementor-button elementor-button-link elementor-size-sm\" href=\"https:\/\/solpanelexperten.es\/en\/kontakt\/\">\n\t\t\t\t\t\t<span class=\"elementor-button-content-wrapper\">\n\t\t\t\t\t\t\t\t\t<span class=\"elementor-button-text\">Contact us today<\/span>\n\t\t\t\t\t<\/span>\n\t\t\t\t\t<\/a>\n\t\t\t\t<\/div>\n\t\t\t\t\t\t\t\t<\/div>\n\t\t\t\t<\/div>\n\t\t\t\t<\/div>\n\t\t<div class=\"elementor-element elementor-element-0cbfcc8 e-con-full e-flex e-con e-child\" data-id=\"0cbfcc8\" data-element_type=\"container\">\n\t\t\t\t<div class=\"elementor-element elementor-element-c957611 animated-fast elementor-widget elementor-widget-image\" data-id=\"c957611\" data-element_type=\"widget\" data-settings=\"{&quot;_animation&quot;:&quot;none&quot;}\" data-widget_type=\"image.default\">\n\t\t\t\t<div class=\"elementor-widget-container\">\n\t\t\t\t\t\t\t\t\t\t\t\t\t\t\t<img decoding=\"async\" width=\"750\" height=\"1000\" src=\"https:\/\/solpanelexperten.es\/wp-content\/uploads\/2025\/07\/installation-20220511.jpg\" class=\"attachment-full size-full wp-image-703\" alt=\"\" srcset=\"https:\/\/solpanelexperten.es\/wp-content\/uploads\/2025\/07\/installation-20220511.jpg 750w, https:\/\/solpanelexperten.es\/wp-content\/uploads\/2025\/07\/installation-20220511-225x300.jpg 225w\" sizes=\"(max-width: 750px) 100vw, 750px\" \/>\t\t\t\t\t\t\t\t\t\t\t\t\t\t\t<\/div>\n\t\t\t\t<\/div>\n\t\t\t\t<\/div>\n\t\t\t\t<\/div>\n\t\t<div class=\"elementor-element elementor-element-4fa3c30 e-con-full e-flex e-con e-parent\" data-id=\"4fa3c30\" data-element_type=\"container\">\n\t\t<div class=\"elementor-element elementor-element-79ba882 e-con-full e-flex e-con e-child\" data-id=\"79ba882\" data-element_type=\"container\">\n\t\t\t\t<div class=\"elementor-element elementor-element-6b8a9ab elementor-widget__width-initial elementor-widget elementor-widget-heading\" data-id=\"6b8a9ab\" data-element_type=\"widget\" data-settings=\"{&quot;_animation&quot;:&quot;none&quot;,&quot;_animation_tablet&quot;:&quot;fadeInUp&quot;}\" data-widget_type=\"heading.default\">\n\t\t\t\t<div class=\"elementor-widget-container\">\n\t\t\t\t\t<h2 class=\"elementor-heading-title elementor-size-default\">Here\u2019s how it works \u2013 from the first meeting to the completed installation\n<\/h2>\t\t\t\t<\/div>\n\t\t\t\t<\/div>\n\t\t\t\t<div class=\"elementor-element elementor-element-12f9700 elementor-widget__width-initial elementor-widget elementor-widget-text-editor\" data-id=\"12f9700\" data-element_type=\"widget\" data-settings=\"{&quot;_animation&quot;:&quot;none&quot;,&quot;_animation_tablet&quot;:&quot;fadeInUp&quot;}\" data-widget_type=\"text-editor.default\">\n\t\t\t\t<div class=\"elementor-widget-container\">\n\t\t\t\t\t\t\t\t\t<p>The installation of solar panels is smooth and takes less time than you might think. Here is our proven work process:<\/p><p><br \/><strong>1. Non-binding meeting:<\/strong> We will come to your home to evaluate your roof and discuss your needs. This meeting is completely free of charge.<br \/><strong>2. Personal quote:<\/strong> After the visit, you will receive a clear price quote with a fixed price with no hidden fees or charges.<br \/><strong>3. Installation:<\/strong> When you are ready, we will install the panels in a couple of weeks. The work typically takes 2 to 4 days.<br \/><strong>4. The registration and legalization:<\/strong> We handle all documentation and ensure that your system is registered according to Spanish regulations, which is required to sell surplus electricity.<\/p>\t\t\t\t\t\t\t\t<\/div>\n\t\t\t\t<\/div>\n\t\t\t\t<div class=\"elementor-element elementor-element-096e18e elementor-align-left elementor-invisible elementor-widget elementor-widget-button\" data-id=\"096e18e\" data-element_type=\"widget\" data-settings=\"{&quot;_animation&quot;:&quot;zoomIn&quot;,&quot;_animation_delay&quot;:100}\" data-widget_type=\"button.default\">\n\t\t\t\t<div class=\"elementor-widget-container\">\n\t\t\t\t\t\t\t\t\t<div class=\"elementor-button-wrapper\">\n\t\t\t\t\t<a class=\"elementor-button elementor-button-link elementor-size-sm\" href=\"https:\/\/solpanelexperten.es\/en\/kontakt\/\">\n\t\t\t\t\t\t<span class=\"elementor-button-content-wrapper\">\n\t\t\t\t\t\t\t\t\t<span class=\"elementor-button-text\">Contact us today<\/span>\n\t\t\t\t\t<\/span>\n\t\t\t\t\t<\/a>\n\t\t\t\t<\/div>\n\t\t\t\t\t\t\t\t<\/div>\n\t\t\t\t<\/div>\n\t\t\t\t<\/div>\n\t\t<div class=\"elementor-element elementor-element-b7c1895 e-con-full e-flex e-con e-child\" data-id=\"b7c1895\" data-element_type=\"container\">\n\t\t\t\t<div class=\"elementor-element elementor-element-51d66dd animated-fast elementor-widget elementor-widget-image\" data-id=\"51d66dd\" data-element_type=\"widget\" data-settings=\"{&quot;_animation&quot;:&quot;none&quot;}\" data-widget_type=\"image.default\">\n\t\t\t\t<div class=\"elementor-widget-container\">\n\t\t\t\t\t\t\t\t\t\t\t\t\t\t\t<img decoding=\"async\" width=\"1024\" height=\"671\" src=\"https:\/\/solpanelexperten.es\/wp-content\/uploads\/2025\/06\/solar-panel-energy-insllation-in-marbella-1024x671-1.webp\" class=\"attachment-full size-full wp-image-206\" alt=\"\" srcset=\"https:\/\/solpanelexperten.es\/wp-content\/uploads\/2025\/06\/solar-panel-energy-insllation-in-marbella-1024x671-1.webp 1024w, https:\/\/solpanelexperten.es\/wp-content\/uploads\/2025\/06\/solar-panel-energy-insllation-in-marbella-1024x671-1-300x197.webp 300w, https:\/\/solpanelexperten.es\/wp-content\/uploads\/2025\/06\/solar-panel-energy-insllation-in-marbella-1024x671-1-768x503.webp 768w\" sizes=\"(max-width: 1024px) 100vw, 1024px\" \/>\t\t\t\t\t\t\t\t\t\t\t\t\t\t\t<\/div>\n\t\t\t\t<\/div>\n\t\t\t\t<\/div>\n\t\t\t\t<\/div>\n\t\t<div class=\"elementor-element elementor-element-49cc8b0 e-con-full e-flex e-con e-parent\" data-id=\"49cc8b0\" data-element_type=\"container\" data-settings=\"{&quot;background_background&quot;:&quot;classic&quot;}\">\n\t\t\t\t<div class=\"elementor-element elementor-element-1557f18 elementor-widget__width-initial elementor-widget elementor-widget-heading\" data-id=\"1557f18\" data-element_type=\"widget\" data-settings=\"{&quot;_animation&quot;:&quot;none&quot;}\" data-widget_type=\"heading.default\">\n\t\t\t\t<div class=\"elementor-widget-container\">\n\t\t\t\t\t<h2 class=\"elementor-heading-title elementor-size-default\">Want to know more? You are warmly welcome to contact us today!\n<\/h2>\t\t\t\t<\/div>\n\t\t\t\t<\/div>\n\t\t\t\t<div class=\"elementor-element elementor-element-f5927f5 elementor-widget__width-initial elementor-widget elementor-widget-text-editor\" data-id=\"f5927f5\" data-element_type=\"widget\" data-settings=\"{&quot;_animation&quot;:&quot;none&quot;}\" data-widget_type=\"text-editor.default\">\n\t\t\t\t<div class=\"elementor-widget-container\">\n\t\t\t\t\t\t\t\t\t<p>Curious about what solar panels can do for your home or property in Manilva? Fill out our contact form, and we will schedule an initial meeting and provide you with a tailored quote. Contact us today and take the first step toward harnessing the sun, saving money, and contributing to a greener future all at the same time.<\/p>\t\t\t\t\t\t\t\t<\/div>\n\t\t\t\t<\/div>\n\t\t\t\t<div class=\"elementor-element elementor-element-4b16ff5 elementor-invisible elementor-widget elementor-widget-button\" data-id=\"4b16ff5\" data-element_type=\"widget\" data-settings=\"{&quot;_animation&quot;:&quot;fadeIn&quot;,&quot;_animation_delay&quot;:100}\" data-widget_type=\"button.default\">\n\t\t\t\t<div class=\"elementor-widget-container\">\n\t\t\t\t\t\t\t\t\t<div class=\"elementor-button-wrapper\">\n\t\t\t\t\t<a class=\"elementor-button elementor-button-link elementor-size-sm\" href=\"https:\/\/solpanelexperten.es\/en\/kontakt\/\">\n\t\t\t\t\t\t<span class=\"elementor-button-content-wrapper\">\n\t\t\t\t\t\t\t\t\t<span class=\"elementor-button-text\">Contact us today<\/span>\n\t\t\t\t\t<\/span>\n\t\t\t\t\t<\/a>\n\t\t\t\t<\/div>\n\t\t\t\t\t\t\t\t<\/div>\n\t\t\t\t<\/div>\n\t\t\t\t<\/div>\n\t\t\t\t<\/div>","protected":false},"excerpt":{"rendered":"<p>Manilva Installera solpaneler i Manilva \u2013 l\u00e5t solen betala din elr\u00e4kning Med upp till 320 soldagar om \u00e5ret \u00e4r Manilva p\u00e5 Solkusten en perfekt plats f\u00f6r att investera i solpaneler. P\u00e5 Solpanel Experten hj\u00e4lper vi hus\u00e4gare och f\u00f6retagare att s\u00e4nka sina elr\u00e4kningar genom att installera effektiva och h\u00e5llbara solcellssystem p\u00e5 villor, l\u00e4genheter och kontorsfastigheter. Tiden [&hellip;]<\/p>","protected":false},"author":4,"featured_media":0,"parent":0,"menu_order":0,"comment_status":"closed","ping_status":"closed","template":"elementor_header_footer","meta":{"footnotes":""},"class_list":["post-1648","page","type-page","status-publish","hentry"],"yoast_head":"<!-- This site is optimized with the Yoast SEO plugin v25.6 - https:\/\/yoast.com\/wordpress\/plugins\/seo\/ -->\n<title>Installera solpaneler i Manilva - Solpanel Experten<\/title>\n<meta name=\"description\" content=\"Vi installerar solpaneler i Manilva f\u00f6r bost\u00e4der och kontor - Solpanel Experten \u00e4r din lokala partner p\u00e5 Solkusten. V\u00e4lkommen att kontakta oss redan idag!\" \/>\n<meta name=\"robots\" content=\"index, follow, max-snippet:-1, max-image-preview:large, max-video-preview:-1\" \/>\n<link rel=\"canonical\" href=\"https:\/\/solpanelexperten.es\/en\/manilva\/\" \/>\n<meta property=\"og:locale\" content=\"en_US\" \/>\n<meta property=\"og:type\" content=\"article\" \/>\n<meta property=\"og:title\" content=\"Installera solpaneler i Manilva - Solpanel Experten\" \/>\n<meta property=\"og:description\" content=\"Vi installerar solpaneler i Manilva f\u00f6r bost\u00e4der och kontor - Solpanel Experten \u00e4r din lokala partner p\u00e5 Solkusten. V\u00e4lkommen att kontakta oss redan idag!\" \/>\n<meta property=\"og:url\" content=\"https:\/\/solpanelexperten.es\/en\/manilva\/\" \/>\n<meta property=\"og:site_name\" content=\"Solpanel Experten\" \/>\n<meta property=\"article:modified_time\" content=\"2026-02-25T13:52:34+00:00\" \/>\n<meta property=\"og:image\" content=\"https:\/\/solpanelexperten.es\/wp-content\/uploads\/2025\/06\/Solar-panel-installation-Marbella.webp\" \/>\n<meta name=\"twitter:card\" content=\"summary_large_image\" \/>\n<meta name=\"twitter:label1\" content=\"Est. reading time\" \/>\n\t<meta name=\"twitter:data1\" content=\"3 minutes\" \/>\n<script type=\"application\/ld+json\" class=\"yoast-schema-graph\">{\"@context\":\"https:\/\/schema.org\",\"@graph\":[{\"@type\":\"WebPage\",\"@id\":\"https:\/\/solpanelexperten.es\/manilva\/\",\"url\":\"https:\/\/solpanelexperten.es\/manilva\/\",\"name\":\"Installera solpaneler i Manilva - Solpanel Experten\",\"isPartOf\":{\"@id\":\"https:\/\/solpanelexperten.es\/#website\"},\"primaryImageOfPage\":{\"@id\":\"https:\/\/solpanelexperten.es\/manilva\/#primaryimage\"},\"image\":{\"@id\":\"https:\/\/solpanelexperten.es\/manilva\/#primaryimage\"},\"thumbnailUrl\":\"https:\/\/solpanelexperten.es\/wp-content\/uploads\/2025\/06\/Solar-panel-installation-Marbella.webp\",\"datePublished\":\"2026-02-25T13:49:36+00:00\",\"dateModified\":\"2026-02-25T13:52:34+00:00\",\"description\":\"Vi installerar solpaneler i Manilva f\u00f6r bost\u00e4der och kontor - Solpanel Experten \u00e4r din lokala partner p\u00e5 Solkusten. V\u00e4lkommen att kontakta oss redan idag!\",\"breadcrumb\":{\"@id\":\"https:\/\/solpanelexperten.es\/manilva\/#breadcrumb\"},\"inLanguage\":\"en-US\",\"potentialAction\":[{\"@type\":\"ReadAction\",\"target\":[\"https:\/\/solpanelexperten.es\/manilva\/\"]}]},{\"@type\":\"ImageObject\",\"inLanguage\":\"en-US\",\"@id\":\"https:\/\/solpanelexperten.es\/manilva\/#primaryimage\",\"url\":\"https:\/\/solpanelexperten.es\/wp-content\/uploads\/2025\/06\/Solar-panel-installation-Marbella.webp\",\"contentUrl\":\"https:\/\/solpanelexperten.es\/wp-content\/uploads\/2025\/06\/Solar-panel-installation-Marbella.webp\"},{\"@type\":\"BreadcrumbList\",\"@id\":\"https:\/\/solpanelexperten.es\/manilva\/#breadcrumb\",\"itemListElement\":[{\"@type\":\"ListItem\",\"position\":1,\"name\":\"Home\",\"item\":\"https:\/\/solpanelexperten.es\/\"},{\"@type\":\"ListItem\",\"position\":2,\"name\":\"Manilva\"}]},{\"@type\":\"WebSite\",\"@id\":\"https:\/\/solpanelexperten.es\/#website\",\"url\":\"https:\/\/solpanelexperten.es\/\",\"name\":\"Solpanel Experten\",\"description\":\"\",\"potentialAction\":[{\"@type\":\"SearchAction\",\"target\":{\"@type\":\"EntryPoint\",\"urlTemplate\":\"https:\/\/solpanelexperten.es\/?s={search_term_string}\"},\"query-input\":{\"@type\":\"PropertyValueSpecification\",\"valueRequired\":true,\"valueName\":\"search_term_string\"}}],\"inLanguage\":\"en-US\"}]}<\/script>\n<!-- \/ Yoast SEO plugin. -->","yoast_head_json":{"title":"Installera solpaneler i Manilva - Solpanel Experten","description":"Vi installerar solpaneler i Manilva f\u00f6r bost\u00e4der och kontor - Solpanel Experten \u00e4r din lokala partner p\u00e5 Solkusten. V\u00e4lkommen att kontakta oss redan idag!","robots":{"index":"index","follow":"follow","max-snippet":"max-snippet:-1","max-image-preview":"max-image-preview:large","max-video-preview":"max-video-preview:-1"},"canonical":"https:\/\/solpanelexperten.es\/en\/manilva\/","og_locale":"en_US","og_type":"article","og_title":"Installera solpaneler i Manilva - Solpanel Experten","og_description":"Vi installerar solpaneler i Manilva f\u00f6r bost\u00e4der och kontor - Solpanel Experten \u00e4r din lokala partner p\u00e5 Solkusten. V\u00e4lkommen att kontakta oss redan idag!","og_url":"https:\/\/solpanelexperten.es\/en\/manilva\/","og_site_name":"Solpanel Experten","article_modified_time":"2026-02-25T13:52:34+00:00","og_image":[{"url":"https:\/\/solpanelexperten.es\/wp-content\/uploads\/2025\/06\/Solar-panel-installation-Marbella.webp","type":"","width":"","height":""}],"twitter_card":"summary_large_image","twitter_misc":{"Est. reading time":"3 minutes"},"schema":{"@context":"https:\/\/schema.org","@graph":[{"@type":"WebPage","@id":"https:\/\/solpanelexperten.es\/manilva\/","url":"https:\/\/solpanelexperten.es\/manilva\/","name":"Installera solpaneler i Manilva - Solpanel Experten","isPartOf":{"@id":"https:\/\/solpanelexperten.es\/#website"},"primaryImageOfPage":{"@id":"https:\/\/solpanelexperten.es\/manilva\/#primaryimage"},"image":{"@id":"https:\/\/solpanelexperten.es\/manilva\/#primaryimage"},"thumbnailUrl":"https:\/\/solpanelexperten.es\/wp-content\/uploads\/2025\/06\/Solar-panel-installation-Marbella.webp","datePublished":"2026-02-25T13:49:36+00:00","dateModified":"2026-02-25T13:52:34+00:00","description":"Vi installerar solpaneler i Manilva f\u00f6r bost\u00e4der och kontor - Solpanel Experten \u00e4r din lokala partner p\u00e5 Solkusten. V\u00e4lkommen att kontakta oss redan idag!","breadcrumb":{"@id":"https:\/\/solpanelexperten.es\/manilva\/#breadcrumb"},"inLanguage":"en-US","potentialAction":[{"@type":"ReadAction","target":["https:\/\/solpanelexperten.es\/manilva\/"]}]},{"@type":"ImageObject","inLanguage":"en-US","@id":"https:\/\/solpanelexperten.es\/manilva\/#primaryimage","url":"https:\/\/solpanelexperten.es\/wp-content\/uploads\/2025\/06\/Solar-panel-installation-Marbella.webp","contentUrl":"https:\/\/solpanelexperten.es\/wp-content\/uploads\/2025\/06\/Solar-panel-installation-Marbella.webp"},{"@type":"BreadcrumbList","@id":"https:\/\/solpanelexperten.es\/manilva\/#breadcrumb","itemListElement":[{"@type":"ListItem","position":1,"name":"Home","item":"https:\/\/solpanelexperten.es\/"},{"@type":"ListItem","position":2,"name":"Manilva"}]},{"@type":"WebSite","@id":"https:\/\/solpanelexperten.es\/#website","url":"https:\/\/solpanelexperten.es\/","name":"Solpanel Experten","description":"","potentialAction":[{"@type":"SearchAction","target":{"@type":"EntryPoint","urlTemplate":"https:\/\/solpanelexperten.es\/?s={search_term_string}"},"query-input":{"@type":"PropertyValueSpecification","valueRequired":true,"valueName":"search_term_string"}}],"inLanguage":"en-US"}]}},"_links":{"self":[{"href":"https:\/\/solpanelexperten.es\/en\/wp-json\/wp\/v2\/pages\/1648","targetHints":{"allow":["GET"]}}],"collection":[{"href":"https:\/\/solpanelexperten.es\/en\/wp-json\/wp\/v2\/pages"}],"about":[{"href":"https:\/\/solpanelexperten.es\/en\/wp-json\/wp\/v2\/types\/page"}],"author":[{"embeddable":true,"href":"https:\/\/solpanelexperten.es\/en\/wp-json\/wp\/v2\/users\/4"}],"replies":[{"embeddable":true,"href":"https:\/\/solpanelexperten.es\/en\/wp-json\/wp\/v2\/comments?post=1648"}],"version-history":[{"count":0,"href":"https:\/\/solpanelexperten.es\/en\/wp-json\/wp\/v2\/pages\/1648\/revisions"}],"wp:attachment":[{"href":"https:\/\/solpanelexperten.es\/en\/wp-json\/wp\/v2\/media?parent=1648"}],"curies":[{"name":"wp","href":"https:\/\/api.w.org\/{rel}","templated":true}]}}