{"id":17,"date":"2025-06-02T07:47:43","date_gmt":"2025-06-02T07:47:43","guid":{"rendered":"https:\/\/solpanelexperten.es\/?page_id=17"},"modified":"2026-02-04T14:46:38","modified_gmt":"2026-02-04T14:46:38","slug":"kontakt","status":"publish","type":"page","link":"https:\/\/solpanelexperten.es\/en\/kontakt\/","title":{"rendered":"Contact"},"content":{"rendered":"<div data-elementor-type=\"wp-page\" data-elementor-id=\"17\" class=\"elementor elementor-17\" data-elementor-post-type=\"page\">\n\t\t\t\t<div class=\"elementor-element elementor-element-ccebe9e e-flex e-con-boxed e-con e-parent\" data-id=\"ccebe9e\" data-element_type=\"container\" data-settings=\"{&quot;background_background&quot;:&quot;classic&quot;}\">\n\t\t\t\t\t<div class=\"e-con-inner\">\n\t\t\t\t<div class=\"elementor-element elementor-element-fe22769 elementor-widget__width-initial elementor-widget elementor-widget-heading\" data-id=\"fe22769\" data-element_type=\"widget\" data-settings=\"{&quot;_animation&quot;:&quot;none&quot;,&quot;_animation_delay&quot;:300}\" data-widget_type=\"heading.default\">\n\t\t\t\t<div class=\"elementor-widget-container\">\n\t\t\t\t\t<h2 class=\"elementor-heading-title elementor-size-default\">Contact us at Solpanel Experten\n<\/h2>\t\t\t\t<\/div>\n\t\t\t\t<\/div>\n\t\t\t\t<div class=\"elementor-element elementor-element-30b2360 elementor-widget__width-initial elementor-invisible elementor-widget elementor-widget-text-editor\" data-id=\"30b2360\" data-element_type=\"widget\" data-settings=\"{&quot;_animation&quot;:&quot;fadeIn&quot;,&quot;_animation_delay&quot;:400}\" data-widget_type=\"text-editor.default\">\n\t\t\t\t<div class=\"elementor-widget-container\">\n\t\t\t\t\t\t\t\t\t<p>If you want to schedule a meeting to get a cost estimate or simply learn more, use the form below and we will get back to you as soon as possible.<\/p>\t\t\t\t\t\t\t\t<\/div>\n\t\t\t\t<\/div>\n\t\t\t\t\t<\/div>\n\t\t\t\t<\/div>\n\t\t<div class=\"elementor-element elementor-element-6102df3 e-con-full e-flex e-con e-parent\" data-id=\"6102df3\" data-element_type=\"container\">\n\t\t<div class=\"elementor-element elementor-element-24f5614 e-con-full e-flex e-con e-child\" data-id=\"24f5614\" data-element_type=\"container\">\n\t\t\t\t<div class=\"elementor-element elementor-element-7472e91 elementor-widget elementor-widget-text-editor\" data-id=\"7472e91\" data-element_type=\"widget\" data-widget_type=\"text-editor.default\">\n\t\t\t\t<div class=\"elementor-widget-container\">\n\t\t\t\t\t\t\t\t\t<p>Contact us via the form below or via <strong><a>solpanelexperten@gmail.com<\/a><\/strong><\/p>\t\t\t\t\t\t\t\t<\/div>\n\t\t\t\t<\/div>\n\t\t\t\t<div class=\"elementor-element elementor-element-9972dc2 elementor-invisible elementor-widget elementor-widget-heading\" data-id=\"9972dc2\" data-element_type=\"widget\" data-settings=\"{&quot;_animation&quot;:&quot;fadeIn&quot;}\" data-widget_type=\"heading.default\">\n\t\t\t\t<div class=\"elementor-widget-container\">\n\t\t\t\t\t<h2 class=\"elementor-heading-title elementor-size-default\">Fields marked with an asterisk (*) are required\n<\/h2>\t\t\t\t<\/div>\n\t\t\t\t<\/div>\n\t\t\t\t<div class=\"elementor-element elementor-element-1eb51f1 elementor-button-align-stretch elementor-widget elementor-widget-form\" data-id=\"1eb51f1\" data-element_type=\"widget\" data-settings=\"{&quot;step_next_label&quot;:&quot;Next&quot;,&quot;step_previous_label&quot;:&quot;Previous&quot;,&quot;button_width&quot;:&quot;100&quot;,&quot;step_type&quot;:&quot;number_text&quot;,&quot;step_icon_shape&quot;:&quot;circle&quot;}\" data-widget_type=\"form.default\">\n\t\t\t\t<div class=\"elementor-widget-container\">\n\t\t\t\t\t\t\t<form class=\"elementor-form\" method=\"post\" name=\"New Form\" aria-label=\"The New Terms\" action=\"\">\n\t\t\t<input type=\"hidden\" name=\"post_id\" value=\"17\"\/>\n\t\t\t<input type=\"hidden\" name=\"form_id\" value=\"1eb51f1\"\/>\n\t\t\t<input type=\"hidden\" name=\"referer_title\" value=\"Kontakta oss p\u00e5 Solpanel Experten\" \/>\n\n\t\t\t\t\t\t\t<input type=\"hidden\" name=\"queried_id\" value=\"17\"\/>\n\t\t\t\n\t\t\t<div class=\"elementor-form-fields-wrapper elementor-labels-above\">\n\t\t\t\t\t\t\t\t<div class=\"elementor-field-type-text elementor-field-group elementor-column elementor-field-group-name elementor-col-100 elementor-field-required\">\n\t\t\t\t\t\t\t\t\t\t\t\t<label for=\"form-field-name\" class=\"elementor-field-label\">\n\t\t\t\t\t\t\t\tName*\t\t\t\t\t\t\t<\/label>\n\t\t\t\t\t\t\t\t\t\t\t\t\t\t<input size=\"1\" type=\"text\" name=\"form_fields[name]\" id=\"form-field-name\" class=\"elementor-field elementor-size-sm  elementor-field-textual\" placeholder=\"Name*\" required=\"required\">\n\t\t\t\t\t\t\t\t\t\t\t<\/div>\n\t\t\t\t\t\t\t\t<div class=\"elementor-field-type-email elementor-field-group elementor-column elementor-field-group-email elementor-col-100 elementor-field-required\">\n\t\t\t\t\t\t\t\t\t\t\t\t<label for=\"form-field-email\" class=\"elementor-field-label\">\n\t\t\t\t\t\t\t\tEmail:*\t\t\t\t\t\t\t<\/label>\n\t\t\t\t\t\t\t\t\t\t\t\t\t\t<input size=\"1\" type=\"email\" name=\"form_fields[email]\" id=\"form-field-email\" class=\"elementor-field elementor-size-sm  elementor-field-textual\" placeholder=\"Email:*\" required=\"required\">\n\t\t\t\t\t\t\t\t\t\t\t<\/div>\n\t\t\t\t\t\t\t\t<div class=\"elementor-field-type-tel elementor-field-group elementor-column elementor-field-group-field_f636b24 elementor-col-100 elementor-field-required\">\n\t\t\t\t\t\t\t\t\t\t\t\t<label for=\"form-field-field_f636b24\" class=\"elementor-field-label\">\n\t\t\t\t\t\t\t\tPhone\t\t\t\t\t\t\t<\/label>\n\t\t\t\t\t\t\t\t<input size=\"1\" type=\"tel\" name=\"form_fields[field_f636b24]\" id=\"form-field-field_f636b24\" class=\"elementor-field elementor-size-sm  elementor-field-textual\" placeholder=\"Phone\" required=\"required\" pattern=\"[0-9()#&amp;+*-=.]+\" title=\"Endast siffror och telefontecken (#, -, *, etc) accepteras.\">\n\n\t\t\t\t\t\t<\/div>\n\t\t\t\t\t\t\t\t<div class=\"elementor-field-type-text elementor-field-group elementor-column elementor-field-group-field_ed659cc elementor-col-100 elementor-field-required\">\n\t\t\t\t\t\t\t\t\t\t\t\t<label for=\"form-field-field_ed659cc\" class=\"elementor-field-label\">\n\t\t\t\t\t\t\t\tCity\/town \/village\t\t\t\t\t\t\t<\/label>\n\t\t\t\t\t\t\t\t\t\t\t\t\t\t<input size=\"1\" type=\"text\" name=\"form_fields[field_ed659cc]\" id=\"form-field-field_ed659cc\" class=\"elementor-field elementor-size-sm  elementor-field-textual\" placeholder=\"If your house is not located in any city, town or village, please enter your nearest city\" required=\"required\">\n\t\t\t\t\t\t\t\t\t\t\t<\/div>\n\t\t\t\t\t\t\t\t<div class=\"elementor-field-type-text elementor-field-group elementor-column elementor-field-group-field_0589703 elementor-col-100 elementor-field-required\">\n\t\t\t\t\t\t\t\t\t\t\t\t<label for=\"form-field-field_0589703\" class=\"elementor-field-label\">\n\t\t\t\t\t\t\t\tSize of your house\t\t\t\t\t\t\t<\/label>\n\t\t\t\t\t\t\t\t\t\t\t\t\t\t<input size=\"1\" type=\"text\" name=\"form_fields[field_0589703]\" id=\"form-field-field_0589703\" class=\"elementor-field elementor-size-sm  elementor-field-textual\" placeholder=\"If you don&#039;t know the exact square-so-briefly describe how big the house is\" required=\"required\">\n\t\t\t\t\t\t\t\t\t\t\t<\/div>\n\t\t\t\t\t\t\t\t<div class=\"elementor-field-type-select elementor-field-group elementor-column elementor-field-group-field_ba9dd4a elementor-col-100 elementor-field-required\">\n\t\t\t\t\t\t\t\t\t\t\t\t<label for=\"form-field-field_ba9dd4a\" class=\"elementor-field-label\">\n\t\t\t\t\t\t\t\tThe placement of the solar panels\t\t\t\t\t\t\t<\/label>\n\t\t\t\t\t\t\t\t<div class=\"elementor-field elementor-select-wrapper remove-before\">\n\t\t\t<div class=\"select-caret-down-wrapper\">\n\t\t\t\t<svg aria-hidden=\"true\" class=\"e-font-icon-svg e-eicon-caret-down\" viewbox=\"0 0 571.4 571.4\" xmlns=\"http:\/\/www.w3.org\/2000\/svg\"><path d=\"M571 393Q571 407 561 418L311 668Q300 679 286 679T261 668L11 418Q0 407 0 393T11 368 36 357H536Q550 357 561 368T571 393Z\"><\/path><\/svg>\t\t\t<\/div>\n\t\t\t<select name=\"form_fields[field_ba9dd4a]\" id=\"form-field-field_ba9dd4a\" class=\"elementor-field-textual elementor-size-sm\" required=\"required\">\n\t\t\t\t\t\t\t\t\t<option value=\"St\u00e4llet d\u00e4r ni helst vill placera era solpaneler\">The place where you want to position your solar panels<\/option>\n\t\t\t\t\t\t\t\t\t<option value=\"Tak\">Roof<\/option>\n\t\t\t\t\t\t\t\t\t<option value=\"Tr\u00e4dg\u00e5rd\">Garden<\/option>\n\t\t\t\t\t\t\t\t\t<option value=\"Annat st\u00e4lle\">Place<\/option>\n\t\t\t\t\t\t\t\t\t<option value=\"\"><\/option>\n\t\t\t\t\t\t\t<\/select>\n\t\t<\/div>\n\t\t\t\t\t\t<\/div>\n\t\t\t\t\t\t\t\t<div class=\"elementor-field-type-textarea elementor-field-group elementor-column elementor-field-group-message elementor-col-100 elementor-field-required\">\n\t\t\t\t\t\t\t\t\t\t\t\t<label for=\"form-field-message\" class=\"elementor-field-label\">\n\t\t\t\t\t\t\t\tMessage*\t\t\t\t\t\t\t<\/label>\n\t\t\t\t\t\t<textarea class=\"elementor-field-textual elementor-field  elementor-size-sm\" name=\"form_fields[message]\" id=\"form-field-message\" rows=\"4\" placeholder=\"Message*\" required=\"required\"><\/textarea>\t\t\t\t<\/div>\n\t\t\t\t\t\t\t\t<div class=\"elementor-field-type-recaptcha_v3 elementor-field-group elementor-column elementor-field-group-field_d940196 elementor-col-100 recaptcha_v3-bottomright\">\n\t\t\t\t\t<div class=\"elementor-field\" id=\"form-field-field_d940196\"><div class=\"elementor-g-recaptcha\" data-sitekey=\"6LepFV4sAAAAAKXSSL1JK4eaNx83Cp8Z3baSApAy\" data-type=\"v3\" data-action=\"Form\" data-badge=\"bottomright\" data-size=\"invisible\"><\/div><\/div>\t\t\t\t<\/div>\n\t\t\t\t\t\t\t\t<div class=\"elementor-field-group elementor-column elementor-field-type-submit elementor-col-100 e-form__buttons\">\n\t\t\t\t\t<button class=\"elementor-button elementor-size-md\" type=\"submit\">\n\t\t\t\t\t\t<span class=\"elementor-button-content-wrapper\">\n\t\t\t\t\t\t\t\t\t\t\t\t\t\t\t\t\t\t\t\t\t\t<span class=\"elementor-button-text\">Submit<\/span>\n\t\t\t\t\t\t\t\t\t\t\t\t\t<\/span>\n\t\t\t\t\t<\/button>\n\t\t\t\t<\/div>\n\t\t\t<\/div>\n\t\t<input type=\"hidden\" name=\"trp-form-language\" value=\"en\"\/><\/form>\n\t\t\t\t\t\t<\/div>\n\t\t\t\t<\/div>\n\t\t\t\t<\/div>\n\t\t\t\t<\/div>\n\t\t<div class=\"elementor-element elementor-element-5fce51c e-flex e-con-boxed e-con e-parent\" data-id=\"5fce51c\" data-element_type=\"container\">\n\t\t\t\t\t<div class=\"e-con-inner\">\n\t\t\t\t<div class=\"elementor-element elementor-element-64ee505 elementor-widget elementor-widget-heading\" data-id=\"64ee505\" data-element_type=\"widget\" data-widget_type=\"heading.default\">\n\t\t\t\t<div class=\"elementor-widget-container\">\n\t\t\t\t\t<h2 class=\"elementor-heading-title elementor-size-default\">Our data policy\n<\/h2>\t\t\t\t<\/div>\n\t\t\t\t<\/div>\n\t\t\t\t<div class=\"elementor-element elementor-element-8cf2990 elementor-widget elementor-widget-text-editor\" data-id=\"8cf2990\" data-element_type=\"widget\" data-widget_type=\"text-editor.default\">\n\t\t\t\t<div class=\"elementor-widget-container\">\n\t\t\t\t\t\t\t\t\t<div id=\"main\"><div class=\"gen-cnt\"><div class=\"contact-data-policy\"><p>We do not save any of the information you provide here in any database; all information you enter will only be sent to us via email. Furthermore, we guarantee that your email address will not be shared with any party other than Solpanel Experten.<\/p><\/div><\/div><\/div>\t\t\t\t\t\t\t\t<\/div>\n\t\t\t\t<\/div>\n\t\t\t\t\t<\/div>\n\t\t\t\t<\/div>\n\t\t\t\t<\/div>","protected":false},"excerpt":{"rendered":"<p>Kontakta oss p\u00e5 Solpanel Experten Vill ni boka in ett m\u00f6te f\u00f6r att f\u00e5 ett kostnadsf\u00f6rslag eller helt enkelt bara veta mer &#8211; anv\u00e4nd formul\u00e4ret nedan s\u00e5 \u00e5terkommer vi till er s\u00e5 snart vi kan. Kontakta oss via formul\u00e4ret nedan eller via solpanelexperten@gmail.com F\u00e4lt markerade med en stj\u00e4rna (*) \u00e4r obligatoriska V\u00e5r datapolicy Vi sparar [&hellip;]<\/p>","protected":false},"author":4,"featured_media":708,"parent":0,"menu_order":0,"comment_status":"closed","ping_status":"closed","template":"elementor_header_footer","meta":{"footnotes":""},"class_list":["post-17","page","type-page","status-publish","has-post-thumbnail","hentry"],"yoast_head":"<!-- This site is optimized with the Yoast SEO plugin v25.6 - https:\/\/yoast.com\/wordpress\/plugins\/seo\/ -->\n<title>Kontakta oss p\u00e5 Solpanel Experten<\/title>\n<meta name=\"description\" content=\"Vill ni boka in ett m\u00f6te f\u00f6r att f\u00e5 ett kostnadsf\u00f6rslag eller helt enkelt bara veta mer \u2013 anv\u00e4nd formul\u00e4ret nedan s\u00e5 \u00e5terkommer vi till er s\u00e5 snart vi kan.\" \/>\n<meta name=\"robots\" content=\"index, follow, max-snippet:-1, max-image-preview:large, max-video-preview:-1\" \/>\n<link rel=\"canonical\" href=\"https:\/\/solpanelexperten.es\/en\/kontakt\/\" \/>\n<meta property=\"og:locale\" content=\"en_US\" \/>\n<meta property=\"og:type\" content=\"article\" \/>\n<meta property=\"og:title\" content=\"Kontakta oss p\u00e5 Solpanel Experten\" \/>\n<meta property=\"og:description\" content=\"Vill ni boka in ett m\u00f6te f\u00f6r att f\u00e5 ett kostnadsf\u00f6rslag eller helt enkelt bara veta mer \u2013 anv\u00e4nd formul\u00e4ret nedan s\u00e5 \u00e5terkommer vi till er s\u00e5 snart vi kan.\" \/>\n<meta property=\"og:url\" content=\"https:\/\/solpanelexperten.es\/en\/kontakt\/\" \/>\n<meta property=\"og:site_name\" content=\"Solpanel Experten\" \/>\n<meta property=\"article:modified_time\" content=\"2026-02-04T14:46:38+00:00\" \/>\n<meta property=\"og:image\" content=\"https:\/\/solpanelexperten.es\/wp-content\/uploads\/2025\/07\/installation-20240322.webp\" \/>\n\t<meta property=\"og:image:width\" content=\"1000\" \/>\n\t<meta property=\"og:image:height\" content=\"563\" \/>\n\t<meta property=\"og:image:type\" content=\"image\/webp\" \/>\n<meta name=\"twitter:card\" content=\"summary_large_image\" \/>\n<meta name=\"twitter:label1\" content=\"Est. reading time\" \/>\n\t<meta name=\"twitter:data1\" content=\"1 minute\" \/>\n<script type=\"application\/ld+json\" class=\"yoast-schema-graph\">{\"@context\":\"https:\/\/schema.org\",\"@graph\":[{\"@type\":\"WebPage\",\"@id\":\"https:\/\/solpanelexperten.es\/kontakt\/\",\"url\":\"https:\/\/solpanelexperten.es\/kontakt\/\",\"name\":\"Kontakta oss p\u00e5 Solpanel Experten\",\"isPartOf\":{\"@id\":\"https:\/\/solpanelexperten.es\/#website\"},\"primaryImageOfPage\":{\"@id\":\"https:\/\/solpanelexperten.es\/kontakt\/#primaryimage\"},\"image\":{\"@id\":\"https:\/\/solpanelexperten.es\/kontakt\/#primaryimage\"},\"thumbnailUrl\":\"https:\/\/solpanelexperten.es\/wp-content\/uploads\/2025\/07\/installation-20240322.webp\",\"datePublished\":\"2025-06-02T07:47:43+00:00\",\"dateModified\":\"2026-02-04T14:46:38+00:00\",\"description\":\"Vill ni boka in ett m\u00f6te f\u00f6r att f\u00e5 ett kostnadsf\u00f6rslag eller helt enkelt bara veta mer \u2013 anv\u00e4nd formul\u00e4ret nedan s\u00e5 \u00e5terkommer vi till er s\u00e5 snart vi kan.\",\"breadcrumb\":{\"@id\":\"https:\/\/solpanelexperten.es\/kontakt\/#breadcrumb\"},\"inLanguage\":\"en-US\",\"potentialAction\":[{\"@type\":\"ReadAction\",\"target\":[\"https:\/\/solpanelexperten.es\/kontakt\/\"]}]},{\"@type\":\"ImageObject\",\"inLanguage\":\"en-US\",\"@id\":\"https:\/\/solpanelexperten.es\/kontakt\/#primaryimage\",\"url\":\"https:\/\/solpanelexperten.es\/wp-content\/uploads\/2025\/07\/installation-20240322.webp\",\"contentUrl\":\"https:\/\/solpanelexperten.es\/wp-content\/uploads\/2025\/07\/installation-20240322.webp\",\"width\":1000,\"height\":563},{\"@type\":\"BreadcrumbList\",\"@id\":\"https:\/\/solpanelexperten.es\/kontakt\/#breadcrumb\",\"itemListElement\":[{\"@type\":\"ListItem\",\"position\":1,\"name\":\"Home\",\"item\":\"https:\/\/solpanelexperten.es\/\"},{\"@type\":\"ListItem\",\"position\":2,\"name\":\"Kontakt\"}]},{\"@type\":\"WebSite\",\"@id\":\"https:\/\/solpanelexperten.es\/#website\",\"url\":\"https:\/\/solpanelexperten.es\/\",\"name\":\"Solpanel Experten\",\"description\":\"\",\"potentialAction\":[{\"@type\":\"SearchAction\",\"target\":{\"@type\":\"EntryPoint\",\"urlTemplate\":\"https:\/\/solpanelexperten.es\/?s={search_term_string}\"},\"query-input\":{\"@type\":\"PropertyValueSpecification\",\"valueRequired\":true,\"valueName\":\"search_term_string\"}}],\"inLanguage\":\"en-US\"}]}<\/script>\n<!-- \/ Yoast SEO plugin. -->","yoast_head_json":{"title":"Contact us at Solpanel Experten","description":"Vill ni boka in ett m\u00f6te f\u00f6r att f\u00e5 ett kostnadsf\u00f6rslag eller helt enkelt bara veta mer \u2013 anv\u00e4nd formul\u00e4ret nedan s\u00e5 \u00e5terkommer vi till er s\u00e5 snart vi kan.","robots":{"index":"index","follow":"follow","max-snippet":"max-snippet:-1","max-image-preview":"max-image-preview:large","max-video-preview":"max-video-preview:-1"},"canonical":"https:\/\/solpanelexperten.es\/en\/kontakt\/","og_locale":"en_US","og_type":"article","og_title":"Kontakta oss p\u00e5 Solpanel Experten","og_description":"Vill ni boka in ett m\u00f6te f\u00f6r att f\u00e5 ett kostnadsf\u00f6rslag eller helt enkelt bara veta mer \u2013 anv\u00e4nd formul\u00e4ret nedan s\u00e5 \u00e5terkommer vi till er s\u00e5 snart vi kan.","og_url":"https:\/\/solpanelexperten.es\/en\/kontakt\/","og_site_name":"Solpanel Experten","article_modified_time":"2026-02-04T14:46:38+00:00","og_image":[{"width":1000,"height":563,"url":"https:\/\/solpanelexperten.es\/wp-content\/uploads\/2025\/07\/installation-20240322.webp","type":"image\/webp"}],"twitter_card":"summary_large_image","twitter_misc":{"Est. reading time":"1 minute"},"schema":{"@context":"https:\/\/schema.org","@graph":[{"@type":"WebPage","@id":"https:\/\/solpanelexperten.es\/kontakt\/","url":"https:\/\/solpanelexperten.es\/kontakt\/","name":"Contact us at Solpanel Experten","isPartOf":{"@id":"https:\/\/solpanelexperten.es\/#website"},"primaryImageOfPage":{"@id":"https:\/\/solpanelexperten.es\/kontakt\/#primaryimage"},"image":{"@id":"https:\/\/solpanelexperten.es\/kontakt\/#primaryimage"},"thumbnailUrl":"https:\/\/solpanelexperten.es\/wp-content\/uploads\/2025\/07\/installation-20240322.webp","datePublished":"2025-06-02T07:47:43+00:00","dateModified":"2026-02-04T14:46:38+00:00","description":"Vill ni boka in ett m\u00f6te f\u00f6r att f\u00e5 ett kostnadsf\u00f6rslag eller helt enkelt bara veta mer \u2013 anv\u00e4nd formul\u00e4ret nedan s\u00e5 \u00e5terkommer vi till er s\u00e5 snart vi kan.","breadcrumb":{"@id":"https:\/\/solpanelexperten.es\/kontakt\/#breadcrumb"},"inLanguage":"en-US","potentialAction":[{"@type":"ReadAction","target":["https:\/\/solpanelexperten.es\/kontakt\/"]}]},{"@type":"ImageObject","inLanguage":"en-US","@id":"https:\/\/solpanelexperten.es\/kontakt\/#primaryimage","url":"https:\/\/solpanelexperten.es\/wp-content\/uploads\/2025\/07\/installation-20240322.webp","contentUrl":"https:\/\/solpanelexperten.es\/wp-content\/uploads\/2025\/07\/installation-20240322.webp","width":1000,"height":563},{"@type":"BreadcrumbList","@id":"https:\/\/solpanelexperten.es\/kontakt\/#breadcrumb","itemListElement":[{"@type":"ListItem","position":1,"name":"Home","item":"https:\/\/solpanelexperten.es\/"},{"@type":"ListItem","position":2,"name":"Kontakt"}]},{"@type":"WebSite","@id":"https:\/\/solpanelexperten.es\/#website","url":"https:\/\/solpanelexperten.es\/","name":"Solpanel Experten","description":"","potentialAction":[{"@type":"SearchAction","target":{"@type":"EntryPoint","urlTemplate":"https:\/\/solpanelexperten.es\/?s={search_term_string}"},"query-input":{"@type":"PropertyValueSpecification","valueRequired":true,"valueName":"search_term_string"}}],"inLanguage":"en-US"}]}},"_links":{"self":[{"href":"https:\/\/solpanelexperten.es\/en\/wp-json\/wp\/v2\/pages\/17","targetHints":{"allow":["GET"]}}],"collection":[{"href":"https:\/\/solpanelexperten.es\/en\/wp-json\/wp\/v2\/pages"}],"about":[{"href":"https:\/\/solpanelexperten.es\/en\/wp-json\/wp\/v2\/types\/page"}],"author":[{"embeddable":true,"href":"https:\/\/solpanelexperten.es\/en\/wp-json\/wp\/v2\/users\/4"}],"replies":[{"embeddable":true,"href":"https:\/\/solpanelexperten.es\/en\/wp-json\/wp\/v2\/comments?post=17"}],"version-history":[{"count":0,"href":"https:\/\/solpanelexperten.es\/en\/wp-json\/wp\/v2\/pages\/17\/revisions"}],"wp:featuredmedia":[{"embeddable":true,"href":"https:\/\/solpanelexperten.es\/en\/wp-json\/wp\/v2\/media\/708"}],"wp:attachment":[{"href":"https:\/\/solpanelexperten.es\/en\/wp-json\/wp\/v2\/media?parent=17"}],"curies":[{"name":"wp","href":"https:\/\/api.w.org\/{rel}","templated":true}]}}